{"id":25000,"date":"2025-09-29T15:40:31","date_gmt":"2025-09-29T13:40:31","guid":{"rendered":"https:\/\/aurataxitransfers.com\/contact\/"},"modified":"2026-03-19T11:18:16","modified_gmt":"2026-03-19T10:18:16","slug":"contact","status":"publish","type":"page","link":"https:\/\/aurataxitransfers.com\/fr\/contact\/","title":{"rendered":"Contact"},"content":{"rendered":"\t\t<div data-elementor-type=\"wp-page\" data-elementor-id=\"25000\" class=\"elementor elementor-25000 elementor-130\" data-elementor-post-type=\"page\">\n\t\t\t\t<div class=\"elementor-element elementor-element-2b8514f e-flex e-con-boxed e-con e-parent\" data-id=\"2b8514f\" data-element_type=\"container\" data-e-type=\"container\" data-settings=\"{&quot;background_background&quot;:&quot;classic&quot;}\">\n\t\t\t\t\t<div class=\"e-con-inner\">\n\t\t<div class=\"elementor-element elementor-element-bf25967 e-con-full e-flex e-con e-child\" data-id=\"bf25967\" data-element_type=\"container\" data-e-type=\"container\">\n\t\t\t\t<div class=\"elementor-element elementor-element-5a427b9 animated-fast elementor-widget elementor-widget-heading\" data-id=\"5a427b9\" data-element_type=\"widget\" data-e-type=\"widget\" data-settings=\"{&quot;_animation&quot;:&quot;none&quot;,&quot;_animation_delay&quot;:200}\" data-widget_type=\"heading.default\">\n\t\t\t\t\t<h2 class=\"elementor-heading-title elementor-size-default\"><b>Nous r\u00e9pondons<\/b> \u00e0 vos questions<\/h2>\t\t\t\t<\/div>\n\t\t\t\t<div class=\"elementor-element elementor-element-8b58258 btn-subrayado elementor-widget elementor-widget-text-editor\" data-id=\"8b58258\" data-element_type=\"widget\" data-e-type=\"widget\" data-widget_type=\"text-editor.default\">\n\t\t\t\t\t\t\t\t\t<a class=\"resaltado\" href=\"tel:+34645087016\">Appelez-nous<\/a>, \u00e9crivez-nous un <a class=\"resaltado\" href=\"https:\/\/wa.me\/34645087016\" target=\"_blank\" rel=\"noopener\">WhatsApp<\/a> ou envoyez le formulaire suivant et nous vous r\u00e9pondrons dans les plus brefs d\u00e9lais.\t\t\t\t\t\t\t\t<\/div>\n\t\t<div class=\"elementor-element elementor-element-a5199a8 e-grid e-con-full e-con e-child\" data-id=\"a5199a8\" data-element_type=\"container\" data-e-type=\"container\">\n\t\t<div class=\"elementor-element elementor-element-7e8bfd0 e-con-full e-flex e-con e-child\" data-id=\"7e8bfd0\" data-element_type=\"container\" data-e-type=\"container\">\n\t\t\t\t<div class=\"elementor-element elementor-element-9d301fc elementor-widget elementor-widget-heading\" data-id=\"9d301fc\" data-element_type=\"widget\" data-e-type=\"widget\" data-widget_type=\"heading.default\">\n\t\t\t\t\t<h6 class=\"elementor-heading-title elementor-size-default\">Appelez-nous<\/h6>\t\t\t\t<\/div>\n\t\t\t\t<div class=\"elementor-element elementor-element-5ec3972 elementor-align-start list-subrayado elementor-mobile-align-start elementor-icon-list--layout-traditional elementor-list-item-link-full_width elementor-widget elementor-widget-icon-list\" data-id=\"5ec3972\" data-element_type=\"widget\" data-e-type=\"widget\" data-widget_type=\"icon-list.default\">\n\t\t\t\t\t\t\t<ul class=\"elementor-icon-list-items\">\n\t\t\t\t\t\t\t<li class=\"elementor-icon-list-item\">\n\t\t\t\t\t\t\t\t\t\t\t<a href=\"tel:+34645087016\">\n\n\t\t\t\t\t\t\t\t\t\t\t\t<span class=\"elementor-icon-list-icon\">\n\t\t\t\t\t\t\t<svg xmlns=\"http:\/\/www.w3.org\/2000\/svg\" xmlns:xlink=\"http:\/\/www.w3.org\/1999\/xlink\" id=\"Capa_1\" x=\"0px\" y=\"0px\" viewBox=\"0 0 36 36\" style=\"enable-background:new 0 0 36 36;\" xml:space=\"preserve\"><path d=\"M25.1-0.1H10.9C8.7-0.1,6.8,1.8,6.8,4v28.4c0,2.2,1.8,4.1,4.1,4.1h14.2c2.2,0,4.1-1.8,4.1-4.1V4C29.2,1.8,27.3-0.1,25.1-0.1  z M26.4,32.4c0,0.7-0.6,1.3-1.3,1.3H10.9c-0.7,0-1.3-0.6-1.3-1.3V4c0-0.7,0.6-1.3,1.3-1.3h3v0.1c0,1.3,1.1,2.4,2.4,2.4h3.6  c1.3,0,2.4-1.1,2.4-2.4V2.7h3c0.7,0,1.3,0.6,1.3,1.3v28.4H26.4z\"><\/path><path d=\"M18,27.6c-1.3,0-2.3,1-2.3,2.3s1,2.3,2.3,2.3s2.3-1,2.3-2.3S19.3,27.6,18,27.6z\"><\/path><\/svg>\t\t\t\t\t\t<\/span>\n\t\t\t\t\t\t\t\t\t\t<span class=\"elementor-icon-list-text\">+34 645 08 70 16<\/span>\n\t\t\t\t\t\t\t\t\t\t\t<\/a>\n\t\t\t\t\t\t\t\t\t<\/li>\n\t\t\t\t\t\t<\/ul>\n\t\t\t\t\t\t<\/div>\n\t\t\t\t<\/div>\n\t\t<div class=\"elementor-element elementor-element-714b974 e-con-full e-flex e-con e-child\" data-id=\"714b974\" data-element_type=\"container\" data-e-type=\"container\">\n\t\t\t\t<div class=\"elementor-element elementor-element-a7052aa elementor-widget elementor-widget-heading\" data-id=\"a7052aa\" data-element_type=\"widget\" data-e-type=\"widget\" data-widget_type=\"heading.default\">\n\t\t\t\t\t<h6 class=\"elementor-heading-title elementor-size-default\">Discutez<\/h6>\t\t\t\t<\/div>\n\t\t\t\t<div class=\"elementor-element elementor-element-065849a elementor-align-start list-subrayado elementor-mobile-align-start elementor-icon-list--layout-traditional elementor-list-item-link-full_width elementor-widget elementor-widget-icon-list\" data-id=\"065849a\" data-element_type=\"widget\" data-e-type=\"widget\" data-widget_type=\"icon-list.default\">\n\t\t\t\t\t\t\t<ul class=\"elementor-icon-list-items\">\n\t\t\t\t\t\t\t<li class=\"elementor-icon-list-item\">\n\t\t\t\t\t\t\t\t\t\t\t<a href=\"https:\/\/wa.me\/34645087016\" target=\"_blank\" rel=\"noopener\">\n\n\t\t\t\t\t\t\t\t\t\t\t\t<span class=\"elementor-icon-list-icon\">\n\t\t\t\t\t\t\t<svg xmlns=\"http:\/\/www.w3.org\/2000\/svg\" xmlns:xlink=\"http:\/\/www.w3.org\/1999\/xlink\" id=\"Capa_1\" x=\"0px\" y=\"0px\" viewBox=\"0 0 36 36\" style=\"enable-background:new 0 0 36 36;\" xml:space=\"preserve\"><g>\t<g>\t\t<path d=\"M25.1,21.6l-2.9-1.4c-0.3-0.1-0.6-0.1-0.8,0.1l-1.2,0.8c-0.4,0.3-0.8,0.3-1.2,0.1c-0.5-0.3-3.9-3.7-4.1-4.2    c-0.2-0.4-0.2-0.8,0.1-1.2l0.8-1.2c0.2-0.2,0.2-0.5,0.1-0.8l-1.4-2.9c-0.2-0.3-0.5-0.6-0.9-0.6h-1c-0.1,0-0.2,0-0.4,0.1    c-1.8,0.8-1.7,3-1.7,3c0,3.3,2.8,6.4,4.1,7.7c1.1,1.2,4.4,4.3,7.9,4.3c0,0,2.3,0.1,3-1.7c0-0.1,0.1-0.2,0.1-0.4v-1    C25.6,22.1,25.4,21.7,25.1,21.6z\"><\/path>\t<\/g>\t<g>\t\t<path d=\"M1.2,34.8l2.9-9.1C2.8,23.2,2,20.4,2,17.6c0-9,7.3-16.4,16.4-16.4s16.4,7.3,16.4,16.4c0,9-7.3,16.4-16.4,16.4    c-2.8,0-5.6-0.7-8.1-2.1L1.2,34.8z M10.7,28.7l0.6,0.4c2.1,1.3,4.6,2,7.1,2c7.4,0,13.4-6,13.4-13.4s-6-13.4-13.4-13.4    C11,4.2,5,10.2,5,17.6c0,2.5,0.7,5,2,7.1l0.4,0.6l-1.6,5L10.7,28.7z\"><\/path>\t<\/g><\/g><\/svg>\t\t\t\t\t\t<\/span>\n\t\t\t\t\t\t\t\t\t\t<span class=\"elementor-icon-list-text\">+34 645 08 70 16<\/span>\n\t\t\t\t\t\t\t\t\t\t\t<\/a>\n\t\t\t\t\t\t\t\t\t<\/li>\n\t\t\t\t\t\t<\/ul>\n\t\t\t\t\t\t<\/div>\n\t\t\t\t<\/div>\n\t\t<div class=\"elementor-element elementor-element-cd64f84 e-con-full e-flex e-con e-child\" data-id=\"cd64f84\" data-element_type=\"container\" data-e-type=\"container\">\n\t\t\t\t<div class=\"elementor-element elementor-element-e450d7a elementor-widget elementor-widget-heading\" data-id=\"e450d7a\" data-element_type=\"widget\" data-e-type=\"widget\" data-widget_type=\"heading.default\">\n\t\t\t\t\t<h6 class=\"elementor-heading-title elementor-size-default\">\u00c9crivez-nous<\/h6>\t\t\t\t<\/div>\n\t\t\t\t<div class=\"elementor-element elementor-element-6270e56 elementor-align-start list-subrayado elementor-mobile-align-start elementor-icon-list--layout-traditional elementor-list-item-link-full_width elementor-widget elementor-widget-icon-list\" data-id=\"6270e56\" data-element_type=\"widget\" data-e-type=\"widget\" data-widget_type=\"icon-list.default\">\n\t\t\t\t\t\t\t<ul class=\"elementor-icon-list-items\">\n\t\t\t\t\t\t\t<li class=\"elementor-icon-list-item\">\n\t\t\t\t\t\t\t\t\t\t\t<a href=\"mailto:info@aurataxitransfers.com\">\n\n\t\t\t\t\t\t\t\t\t\t\t\t<span class=\"elementor-icon-list-icon\">\n\t\t\t\t\t\t\t<svg xmlns=\"http:\/\/www.w3.org\/2000\/svg\" xmlns:xlink=\"http:\/\/www.w3.org\/1999\/xlink\" id=\"Layer_1\" x=\"0px\" y=\"0px\" viewBox=\"0 0 512 512\" style=\"enable-background:new 0 0 512 512;\" xml:space=\"preserve\"><path id=\"Path_32380\" d=\"M420.8,75H92.2c-36.8,0-66.6,29.9-66.7,66.7v229.6c0,36.8,29.9,66.7,66.7,66.7h328.6  c36.8,0,66.7-29.9,66.7-66.7V141.7C487.5,104.9,457.6,75,420.8,75 M420.8,106.9c2.7,0,5.3,0.3,7.9,0.9L290.1,265.1  c-16.3,18.6-44.6,20.3-63.2,4c-1.4-1.3-2.8-2.6-4-4L84.3,107.8c2.6-0.6,5.2-0.9,7.9-0.9H420.8z M455.6,371.2  c0,19.2-15.6,34.8-34.8,34.8H92.2c-19.2,0-34.8-15.6-34.8-34.8V141.6c0-4.5,0.9-9,2.6-13.2l138.9,157.7c27.9,31.8,76.3,34.9,108,7  c2.5-2.2,4.8-4.5,7-7l138.9-157.7c1.7,4.2,2.6,8.7,2.6,13.2L455.6,371.2z\"><\/path><\/svg>\t\t\t\t\t\t<\/span>\n\t\t\t\t\t\t\t\t\t\t<span class=\"elementor-icon-list-text\">info@aurataxitransfers.com<\/span>\n\t\t\t\t\t\t\t\t\t\t\t<\/a>\n\t\t\t\t\t\t\t\t\t<\/li>\n\t\t\t\t\t\t<\/ul>\n\t\t\t\t\t\t<\/div>\n\t\t\t\t<\/div>\n\t\t\t\t<\/div>\n\t\t\t\t<\/div>\n\t\t<div class=\"elementor-element elementor-element-28db349 e-con-full e-flex e-con e-child\" data-id=\"28db349\" data-element_type=\"container\" data-e-type=\"container\" data-settings=\"{&quot;background_background&quot;:&quot;classic&quot;}\">\n\t\t<div class=\"elementor-element elementor-element-87f7077 e-con-full e-flex e-con e-child\" data-id=\"87f7077\" data-element_type=\"container\" data-e-type=\"container\">\n\t\t\t\t<div class=\"elementor-element elementor-element-a13b22c elementor-button-align-center elementor-widget elementor-widget-global elementor-global-24785 elementor-global-24696 elementor-widget-form\" data-id=\"a13b22c\" data-element_type=\"widget\" data-e-type=\"widget\" id=\"formulariocontacto\" data-settings=\"{&quot;step_next_label&quot;:&quot;Suivant&quot;,&quot;step_previous_label&quot;:&quot;Pr\\u00e9c\\u00e9dent&quot;,&quot;button_width&quot;:&quot;100&quot;,&quot;step_type&quot;:&quot;number_text&quot;,&quot;step_icon_shape&quot;:&quot;circle&quot;}\" data-widget_type=\"form.default\">\n\t\t\t\t\t\t\t<form class=\"elementor-form\" method=\"post\" name=\"contact\" aria-label=\"contact\">\n\t\t\t<input type=\"hidden\" name=\"post_id\" value=\"25000\"\/>\n\t\t\t<input type=\"hidden\" name=\"form_id\" value=\"a13b22c\"\/>\n\t\t\t<input type=\"hidden\" name=\"referer_title\" value=\"\" \/>\n\n\t\t\t\n\t\t\t<div class=\"elementor-form-fields-wrapper elementor-labels-\">\n\t\t\t\t\t\t\t\t<div class=\"elementor-field-type-text elementor-field-group elementor-column elementor-field-group-nombre elementor-col-100 elementor-field-required\">\n\t\t\t\t\t\t\t\t\t\t\t\t<label for=\"form-field-nombre\" class=\"elementor-field-label elementor-screen-only\">\n\t\t\t\t\t\t\t\tNom\t\t\t\t\t\t\t<\/label>\n\t\t\t\t\t\t\t\t\t\t\t\t\t\t<input size=\"1\" type=\"text\" name=\"form_fields[nombre]\" id=\"form-field-nombre\" class=\"elementor-field elementor-size-sm  elementor-field-textual\" placeholder=\"Nom *\" required=\"required\">\n\t\t\t\t\t\t\t\t\t\t\t<\/div>\n\t\t\t\t\t\t\t\t<div class=\"elementor-field-type-email elementor-field-group elementor-column elementor-field-group-email elementor-col-50 elementor-field-required\">\n\t\t\t\t\t\t\t\t\t\t\t\t<label for=\"form-field-email\" class=\"elementor-field-label elementor-screen-only\">\n\t\t\t\t\t\t\t\tEmail\t\t\t\t\t\t\t<\/label>\n\t\t\t\t\t\t\t\t\t\t\t\t\t\t<input size=\"1\" type=\"email\" name=\"form_fields[email]\" id=\"form-field-email\" class=\"elementor-field elementor-size-sm  elementor-field-textual\" placeholder=\"Email *\" required=\"required\">\n\t\t\t\t\t\t\t\t\t\t\t<\/div>\n\t\t\t\t\t\t\t\t<div class=\"elementor-field-type-tel elementor-field-group elementor-column elementor-field-group-telefono elementor-col-50\">\n\t\t\t\t\t\t\t\t\t\t\t\t<label for=\"form-field-telefono\" class=\"elementor-field-label elementor-screen-only\">\n\t\t\t\t\t\t\t\tT\u00e9l\u00e9phone\t\t\t\t\t\t\t<\/label>\n\t\t\t\t\t\t\t\t<input size=\"1\" type=\"tel\" name=\"form_fields[telefono]\" id=\"form-field-telefono\" class=\"elementor-field elementor-size-sm  elementor-field-textual\" placeholder=\"T\u00e9l\u00e9phone\" pattern=\"[0-9()#&amp;+*-=.]+\" title=\"Seuls les caract\u00e8res de num\u00e9ros de t\u00e9l\u00e9phone (#, -, *, etc.) sont accept\u00e9s.\">\n\n\t\t\t\t\t\t<\/div>\n\t\t\t\t\t\t\t\t<div class=\"elementor-field-type-textarea elementor-field-group elementor-column elementor-field-group-mensaje elementor-col-100 elementor-field-required\">\n\t\t\t\t\t\t\t\t\t\t\t\t<label for=\"form-field-mensaje\" class=\"elementor-field-label elementor-screen-only\">\n\t\t\t\t\t\t\t\tMessage\t\t\t\t\t\t\t<\/label>\n\t\t\t\t\t\t<textarea class=\"elementor-field-textual elementor-field  elementor-size-sm\" name=\"form_fields[mensaje]\" id=\"form-field-mensaje\" rows=\"5\" placeholder=\"Message *\" required=\"required\"><\/textarea>\t\t\t\t<\/div>\n\t\t\t\t\t\t\t\t<div class=\"elementor-field-type-acceptance elementor-field-group elementor-column elementor-field-group-acepto elementor-col-100 elementor-field-required\">\n\t\t\t\t\t\t\t\t\t\t\t\t<label for=\"form-field-acepto\" class=\"elementor-field-label elementor-screen-only\">\n\t\t\t\t\t\t\t\tRGPD\t\t\t\t\t\t\t<\/label>\n\t\t\t\t\t\t\t\t<div class=\"elementor-field-subgroup\">\n\t\t\t<span class=\"elementor-field-option\">\n\t\t\t\t<input type=\"checkbox\" name=\"form_fields[acepto]\" id=\"form-field-acepto\" class=\"elementor-field elementor-size-sm  elementor-acceptance-field\" required=\"required\">\n\t\t\t\t<label for=\"form-field-acepto\">J'ai lu et j'accepte la <a href=\"https:\/\/aurataxitransfers.com\/politica-de-privacidad\/\">politique de confidentialit\u00e9<\/a><\/label>\t\t\t<\/span>\n\t\t<\/div>\n\t\t\t\t\t\t<\/div>\n\t\t\t\t\t\t\t\t<div class=\"elementor-field-type-recaptcha_v3 elementor-field-group elementor-column elementor-field-group-field_9bc0eab elementor-col-100 recaptcha_v3-bottomleft\">\n\t\t\t\t\t<div class=\"elementor-field\" id=\"form-field-field_9bc0eab\"><div class=\"elementor-g-recaptcha\" data-sitekey=\"6Lf-Ca8sAAAAAL1shs0aLBgtuNuQgzyPaGMjTD1g\" data-type=\"v3\" data-action=\"Form\" data-badge=\"bottomleft\" data-size=\"invisible\"><\/div><\/div>\t\t\t\t<\/div>\n\t\t\t\t\t\t\t\t<div class=\"elementor-field-group elementor-column elementor-field-type-submit elementor-col-100 e-form__buttons\">\n\t\t\t\t\t<button class=\"elementor-button elementor-size-sm elementor-animation-grow\" type=\"submit\">\n\t\t\t\t\t\t<span class=\"elementor-button-content-wrapper\">\n\t\t\t\t\t\t\t\t\t\t\t\t\t\t\t\t\t\t\t\t\t\t<span class=\"elementor-button-text\">Envoyer<\/span>\n\t\t\t\t\t\t\t\t\t\t\t\t\t<\/span>\n\t\t\t\t\t<\/button>\n\t\t\t\t<\/div>\n\t\t\t<\/div>\n\t\t<\/form>\n\t\t\t\t\t\t<\/div>\n\t\t\t\t<div class=\"elementor-element elementor-element-861dd2a elementor-widget elementor-widget-heading\" data-id=\"861dd2a\" data-element_type=\"widget\" data-e-type=\"widget\" data-widget_type=\"heading.default\">\n\t\t\t\t\t<div class=\"elementor-heading-title elementor-size-default\">* Champs obligatoires<\/div>\t\t\t\t<\/div>\n\t\t\t\t<\/div>\n\t\t\t\t<\/div>\n\t\t\t\t\t<\/div>\n\t\t\t\t<\/div>\n\t\t\t\t<\/div>\n\t\t","protected":false},"excerpt":{"rendered":"<p>Nous r\u00e9pondons \u00e0 vos questions Appelez-nous, \u00e9crivez-nous un WhatsApp ou envoyez le formulaire suivant et nous vous r\u00e9pondrons dans les plus brefs d\u00e9lais. Appelez-nous Discutez \u00c9crivez-nous * Champs obligatoires<\/p>\n","protected":false},"author":1,"featured_media":24802,"parent":0,"menu_order":0,"comment_status":"closed","ping_status":"closed","template":"","meta":{"footnotes":""},"class_list":["post-25000","page","type-page","status-publish","has-post-thumbnail","hentry"],"_links":{"self":[{"href":"https:\/\/aurataxitransfers.com\/fr\/wp-json\/wp\/v2\/pages\/25000","targetHints":{"allow":["GET"]}}],"collection":[{"href":"https:\/\/aurataxitransfers.com\/fr\/wp-json\/wp\/v2\/pages"}],"about":[{"href":"https:\/\/aurataxitransfers.com\/fr\/wp-json\/wp\/v2\/types\/page"}],"author":[{"embeddable":true,"href":"https:\/\/aurataxitransfers.com\/fr\/wp-json\/wp\/v2\/users\/1"}],"replies":[{"embeddable":true,"href":"https:\/\/aurataxitransfers.com\/fr\/wp-json\/wp\/v2\/comments?post=25000"}],"version-history":[{"count":1,"href":"https:\/\/aurataxitransfers.com\/fr\/wp-json\/wp\/v2\/pages\/25000\/revisions"}],"predecessor-version":[{"id":25766,"href":"https:\/\/aurataxitransfers.com\/fr\/wp-json\/wp\/v2\/pages\/25000\/revisions\/25766"}],"wp:featuredmedia":[{"embeddable":true,"href":"https:\/\/aurataxitransfers.com\/fr\/wp-json\/wp\/v2\/media\/24802"}],"wp:attachment":[{"href":"https:\/\/aurataxitransfers.com\/fr\/wp-json\/wp\/v2\/media?parent=25000"}],"curies":[{"name":"wp","href":"https:\/\/api.w.org\/{rel}","templated":true}]}}